{"id":1222,"date":"2025-04-09T09:32:47","date_gmt":"2025-04-09T09:32:47","guid":{"rendered":"https:\/\/preprod.arelec.o2.rwigo.dev\/?page_id=1222"},"modified":"2025-11-07T14:15:06","modified_gmt":"2025-11-07T14:15:06","slug":"aimants-permanents","status":"publish","type":"page","link":"https:\/\/www.arelec-solution.com\/fr\/systemes-magnetiques\/aimants-permanents\/","title":{"rendered":"Aimants permanents brut"},"content":{"rendered":"","protected":false},"excerpt":{"rendered":"","protected":false},"author":3,"featured_media":0,"parent":1106,"menu_order":0,"comment_status":"closed","ping_status":"closed","template":"basic.blade.php","meta":{"_acf_changed":false,"inline_featured_image":false,"footnotes":""},"class_list":["post-1222","page","type-page","status-publish","hentry"],"acf":[],"yoast_head":"<!-- This site is optimized with the Yoast SEO plugin v26.9 - https:\/\/yoast.com\/product\/yoast-seo-wordpress\/ -->\n<title>Aimants permanents Arelec | Ferrite, N\u00e9odyme, Samarium-Cobalt<\/title>\n<meta name=\"description\" content=\"Arelec propose une large gamme d&#039;aimants permanents pour des applications vari\u00e9es. Aimants permanents en ferrite, n\u00e9odyme, samarium-cobalt.\" \/>\n<meta name=\"robots\" content=\"index, follow, max-snippet:-1, max-image-preview:large, max-video-preview:-1\" \/>\n<link rel=\"canonical\" href=\"https:\/\/www.arelec-solution.com\/fr\/systemes-magnetiques\/aimants-permanents\/\" \/>\n<meta property=\"og:locale\" content=\"fr_FR\" \/>\n<meta property=\"og:type\" content=\"article\" \/>\n<meta property=\"og:title\" content=\"Aimants permanents Arelec | Ferrite, N\u00e9odyme, Samarium-Cobalt\" \/>\n<meta property=\"og:description\" content=\"Arelec propose une large gamme d&#039;aimants permanents pour des applications vari\u00e9es. Aimants permanents en ferrite, n\u00e9odyme, samarium-cobalt.\" \/>\n<meta property=\"og:url\" content=\"https:\/\/www.arelec-solution.com\/fr\/systemes-magnetiques\/aimants-permanents\/\" \/>\n<meta property=\"og:site_name\" content=\"Arelec\" \/>\n<meta property=\"article:modified_time\" content=\"2025-11-07T14:15:06+00:00\" \/>\n<meta name=\"twitter:card\" content=\"summary_large_image\" \/>\n<meta name=\"twitter:label1\" content=\"Dur\u00e9e de lecture estim\u00e9e\" \/>\n\t<meta name=\"twitter:data1\" content=\"6 minutes\" \/>\n<script type=\"application\/ld+json\" class=\"yoast-schema-graph\">{\"@context\":\"https:\/\/schema.org\",\"@graph\":[{\"@type\":\"WebPage\",\"@id\":\"https:\/\/www.arelec-solution.com\/fr\/systemes-magnetiques\/aimants-permanents\/\",\"url\":\"https:\/\/www.arelec-solution.com\/fr\/systemes-magnetiques\/aimants-permanents\/\",\"name\":\"Aimants permanents Arelec | Ferrite, N\u00e9odyme, Samarium-Cobalt\",\"isPartOf\":{\"@id\":\"https:\/\/www.arelec-solution.com\/fr\/#website\"},\"datePublished\":\"2025-04-09T09:32:47+00:00\",\"dateModified\":\"2025-11-07T14:15:06+00:00\",\"description\":\"Arelec propose une large gamme d'aimants permanents pour des applications vari\u00e9es. Aimants permanents en ferrite, n\u00e9odyme, samarium-cobalt.\",\"breadcrumb\":{\"@id\":\"https:\/\/www.arelec-solution.com\/fr\/systemes-magnetiques\/aimants-permanents\/#breadcrumb\"},\"inLanguage\":\"fr-FR\",\"potentialAction\":[{\"@type\":\"ReadAction\",\"target\":[\"https:\/\/www.arelec-solution.com\/fr\/systemes-magnetiques\/aimants-permanents\/\"]}]},{\"@type\":\"BreadcrumbList\",\"@id\":\"https:\/\/www.arelec-solution.com\/fr\/systemes-magnetiques\/aimants-permanents\/#breadcrumb\",\"itemListElement\":[{\"@type\":\"ListItem\",\"position\":1,\"name\":\"Home\",\"item\":\"https:\/\/www.arelec-solution.com\/fr\/\"},{\"@type\":\"ListItem\",\"position\":2,\"name\":\"Syst\u00e8mes magn\u00e9tiques\",\"item\":\"https:\/\/www.arelec-solution.com\/fr\/systemes-magnetiques\/\"},{\"@type\":\"ListItem\",\"position\":3,\"name\":\"Aimants permanents brut\"}]},{\"@type\":\"WebSite\",\"@id\":\"https:\/\/www.arelec-solution.com\/fr\/#website\",\"url\":\"https:\/\/www.arelec-solution.com\/fr\/\",\"name\":\"Arelec\",\"description\":\"Boilerplate Marketing\",\"potentialAction\":[{\"@type\":\"SearchAction\",\"target\":{\"@type\":\"EntryPoint\",\"urlTemplate\":\"https:\/\/www.arelec-solution.com\/fr\/?s={search_term_string}\"},\"query-input\":{\"@type\":\"PropertyValueSpecification\",\"valueRequired\":true,\"valueName\":\"search_term_string\"}}],\"inLanguage\":\"fr-FR\"}]}<\/script>\n<!-- \/ Yoast SEO plugin. -->","yoast_head_json":{"title":"Aimants permanents Arelec | Ferrite, N\u00e9odyme, Samarium-Cobalt","description":"Arelec propose une large gamme d'aimants permanents pour des applications vari\u00e9es. Aimants permanents en ferrite, n\u00e9odyme, samarium-cobalt.","robots":{"index":"index","follow":"follow","max-snippet":"max-snippet:-1","max-image-preview":"max-image-preview:large","max-video-preview":"max-video-preview:-1"},"canonical":"https:\/\/www.arelec-solution.com\/fr\/systemes-magnetiques\/aimants-permanents\/","og_locale":"fr_FR","og_type":"article","og_title":"Aimants permanents Arelec | Ferrite, N\u00e9odyme, Samarium-Cobalt","og_description":"Arelec propose une large gamme d'aimants permanents pour des applications vari\u00e9es. Aimants permanents en ferrite, n\u00e9odyme, samarium-cobalt.","og_url":"https:\/\/www.arelec-solution.com\/fr\/systemes-magnetiques\/aimants-permanents\/","og_site_name":"Arelec","article_modified_time":"2025-11-07T14:15:06+00:00","twitter_card":"summary_large_image","twitter_misc":{"Dur\u00e9e de lecture estim\u00e9e":"6 minutes"},"schema":{"@context":"https:\/\/schema.org","@graph":[{"@type":"WebPage","@id":"https:\/\/www.arelec-solution.com\/fr\/systemes-magnetiques\/aimants-permanents\/","url":"https:\/\/www.arelec-solution.com\/fr\/systemes-magnetiques\/aimants-permanents\/","name":"Aimants permanents Arelec | Ferrite, N\u00e9odyme, Samarium-Cobalt","isPartOf":{"@id":"https:\/\/www.arelec-solution.com\/fr\/#website"},"datePublished":"2025-04-09T09:32:47+00:00","dateModified":"2025-11-07T14:15:06+00:00","description":"Arelec propose une large gamme d'aimants permanents pour des applications vari\u00e9es. Aimants permanents en ferrite, n\u00e9odyme, samarium-cobalt.","breadcrumb":{"@id":"https:\/\/www.arelec-solution.com\/fr\/systemes-magnetiques\/aimants-permanents\/#breadcrumb"},"inLanguage":"fr-FR","potentialAction":[{"@type":"ReadAction","target":["https:\/\/www.arelec-solution.com\/fr\/systemes-magnetiques\/aimants-permanents\/"]}]},{"@type":"BreadcrumbList","@id":"https:\/\/www.arelec-solution.com\/fr\/systemes-magnetiques\/aimants-permanents\/#breadcrumb","itemListElement":[{"@type":"ListItem","position":1,"name":"Home","item":"https:\/\/www.arelec-solution.com\/fr\/"},{"@type":"ListItem","position":2,"name":"Syst\u00e8mes magn\u00e9tiques","item":"https:\/\/www.arelec-solution.com\/fr\/systemes-magnetiques\/"},{"@type":"ListItem","position":3,"name":"Aimants permanents brut"}]},{"@type":"WebSite","@id":"https:\/\/www.arelec-solution.com\/fr\/#website","url":"https:\/\/www.arelec-solution.com\/fr\/","name":"Arelec","description":"Boilerplate Marketing","potentialAction":[{"@type":"SearchAction","target":{"@type":"EntryPoint","urlTemplate":"https:\/\/www.arelec-solution.com\/fr\/?s={search_term_string}"},"query-input":{"@type":"PropertyValueSpecification","valueRequired":true,"valueName":"search_term_string"}}],"inLanguage":"fr-FR"}]}},"_links":{"self":[{"href":"https:\/\/www.arelec-solution.com\/fr\/wp-json\/wp\/v2\/pages\/1222","targetHints":{"allow":["GET"]}}],"collection":[{"href":"https:\/\/www.arelec-solution.com\/fr\/wp-json\/wp\/v2\/pages"}],"about":[{"href":"https:\/\/www.arelec-solution.com\/fr\/wp-json\/wp\/v2\/types\/page"}],"author":[{"embeddable":true,"href":"https:\/\/www.arelec-solution.com\/fr\/wp-json\/wp\/v2\/users\/3"}],"replies":[{"embeddable":true,"href":"https:\/\/www.arelec-solution.com\/fr\/wp-json\/wp\/v2\/comments?post=1222"}],"version-history":[{"count":0,"href":"https:\/\/www.arelec-solution.com\/fr\/wp-json\/wp\/v2\/pages\/1222\/revisions"}],"up":[{"embeddable":true,"href":"https:\/\/www.arelec-solution.com\/fr\/wp-json\/wp\/v2\/pages\/1106"}],"wp:attachment":[{"href":"https:\/\/www.arelec-solution.com\/fr\/wp-json\/wp\/v2\/media?parent=1222"}],"curies":[{"name":"wp","href":"https:\/\/api.w.org\/{rel}","templated":true}]}}