{"id":1261,"date":"2025-04-25T11:38:26","date_gmt":"2025-04-25T11:38:26","guid":{"rendered":"https:\/\/preprod.arelec.o2.rwigo.dev\/?page_id=1261"},"modified":"2025-09-01T13:06:50","modified_gmt":"2025-09-01T13:06:50","slug":"affichage-magnetique","status":"publish","type":"page","link":"https:\/\/www.arelec-solution.com\/fr\/systemes-magnetiques\/affichage-magnetique\/","title":{"rendered":"Solutions d&rsquo;affichage magn\u00e9tique"},"content":{"rendered":"","protected":false},"excerpt":{"rendered":"","protected":false},"author":3,"featured_media":0,"parent":1106,"menu_order":0,"comment_status":"closed","ping_status":"closed","template":"basic.blade.php","meta":{"_acf_changed":false,"inline_featured_image":false,"footnotes":""},"class_list":["post-1261","page","type-page","status-publish","hentry"],"acf":[],"yoast_head":"<!-- This site is optimized with the Yoast SEO plugin v26.9 - https:\/\/yoast.com\/product\/yoast-seo-wordpress\/ -->\n<title>Retrouvez toutes nos solutions d&#039;affichage magn\u00e9tique | Arelec<\/title>\n<meta name=\"description\" content=\"Arelec propose des solutions d&#039;affichage magn\u00e9tique pour toute applications. Punaises magn\u00e9tiques, porte-documents, bandes magn\u00e9tiques...\" \/>\n<meta name=\"robots\" content=\"index, follow, max-snippet:-1, max-image-preview:large, max-video-preview:-1\" \/>\n<link rel=\"canonical\" href=\"https:\/\/www.arelec-solution.com\/fr\/systemes-magnetiques\/affichage-magnetique\/\" \/>\n<meta property=\"og:locale\" content=\"fr_FR\" \/>\n<meta property=\"og:type\" content=\"article\" \/>\n<meta property=\"og:title\" content=\"Retrouvez toutes nos solutions d&#039;affichage magn\u00e9tique | Arelec\" \/>\n<meta property=\"og:description\" content=\"Arelec propose des solutions d&#039;affichage magn\u00e9tique pour toute applications. Punaises magn\u00e9tiques, porte-documents, bandes magn\u00e9tiques...\" \/>\n<meta property=\"og:url\" content=\"https:\/\/www.arelec-solution.com\/fr\/systemes-magnetiques\/affichage-magnetique\/\" \/>\n<meta property=\"og:site_name\" content=\"Arelec\" \/>\n<meta property=\"article:modified_time\" content=\"2025-09-01T13:06:50+00:00\" \/>\n<meta name=\"twitter:card\" content=\"summary_large_image\" \/>\n<meta name=\"twitter:label1\" content=\"Dur\u00e9e de lecture estim\u00e9e\" \/>\n\t<meta name=\"twitter:data1\" content=\"5 minutes\" \/>\n<script type=\"application\/ld+json\" class=\"yoast-schema-graph\">{\"@context\":\"https:\/\/schema.org\",\"@graph\":[{\"@type\":\"WebPage\",\"@id\":\"https:\/\/www.arelec-solution.com\/fr\/systemes-magnetiques\/affichage-magnetique\/\",\"url\":\"https:\/\/www.arelec-solution.com\/fr\/systemes-magnetiques\/affichage-magnetique\/\",\"name\":\"Retrouvez toutes nos solutions d'affichage magn\u00e9tique | Arelec\",\"isPartOf\":{\"@id\":\"https:\/\/www.arelec-solution.com\/fr\/#website\"},\"datePublished\":\"2025-04-25T11:38:26+00:00\",\"dateModified\":\"2025-09-01T13:06:50+00:00\",\"description\":\"Arelec propose des solutions d'affichage magn\u00e9tique pour toute applications. Punaises magn\u00e9tiques, porte-documents, bandes magn\u00e9tiques...\",\"breadcrumb\":{\"@id\":\"https:\/\/www.arelec-solution.com\/fr\/systemes-magnetiques\/affichage-magnetique\/#breadcrumb\"},\"inLanguage\":\"fr-FR\",\"potentialAction\":[{\"@type\":\"ReadAction\",\"target\":[\"https:\/\/www.arelec-solution.com\/fr\/systemes-magnetiques\/affichage-magnetique\/\"]}]},{\"@type\":\"BreadcrumbList\",\"@id\":\"https:\/\/www.arelec-solution.com\/fr\/systemes-magnetiques\/affichage-magnetique\/#breadcrumb\",\"itemListElement\":[{\"@type\":\"ListItem\",\"position\":1,\"name\":\"Home\",\"item\":\"https:\/\/www.arelec-solution.com\/fr\/\"},{\"@type\":\"ListItem\",\"position\":2,\"name\":\"Syst\u00e8mes magn\u00e9tiques\",\"item\":\"https:\/\/www.arelec-solution.com\/fr\/systemes-magnetiques\/\"},{\"@type\":\"ListItem\",\"position\":3,\"name\":\"Solutions d&#8217;affichage magn\u00e9tique\"}]},{\"@type\":\"WebSite\",\"@id\":\"https:\/\/www.arelec-solution.com\/fr\/#website\",\"url\":\"https:\/\/www.arelec-solution.com\/fr\/\",\"name\":\"Arelec\",\"description\":\"Boilerplate Marketing\",\"potentialAction\":[{\"@type\":\"SearchAction\",\"target\":{\"@type\":\"EntryPoint\",\"urlTemplate\":\"https:\/\/www.arelec-solution.com\/fr\/?s={search_term_string}\"},\"query-input\":{\"@type\":\"PropertyValueSpecification\",\"valueRequired\":true,\"valueName\":\"search_term_string\"}}],\"inLanguage\":\"fr-FR\"}]}<\/script>\n<!-- \/ Yoast SEO plugin. -->","yoast_head_json":{"title":"Retrouvez toutes nos solutions d'affichage magn\u00e9tique | Arelec","description":"Arelec propose des solutions d'affichage magn\u00e9tique pour toute applications. Punaises magn\u00e9tiques, porte-documents, bandes magn\u00e9tiques...","robots":{"index":"index","follow":"follow","max-snippet":"max-snippet:-1","max-image-preview":"max-image-preview:large","max-video-preview":"max-video-preview:-1"},"canonical":"https:\/\/www.arelec-solution.com\/fr\/systemes-magnetiques\/affichage-magnetique\/","og_locale":"fr_FR","og_type":"article","og_title":"Retrouvez toutes nos solutions d'affichage magn\u00e9tique | Arelec","og_description":"Arelec propose des solutions d'affichage magn\u00e9tique pour toute applications. Punaises magn\u00e9tiques, porte-documents, bandes magn\u00e9tiques...","og_url":"https:\/\/www.arelec-solution.com\/fr\/systemes-magnetiques\/affichage-magnetique\/","og_site_name":"Arelec","article_modified_time":"2025-09-01T13:06:50+00:00","twitter_card":"summary_large_image","twitter_misc":{"Dur\u00e9e de lecture estim\u00e9e":"5 minutes"},"schema":{"@context":"https:\/\/schema.org","@graph":[{"@type":"WebPage","@id":"https:\/\/www.arelec-solution.com\/fr\/systemes-magnetiques\/affichage-magnetique\/","url":"https:\/\/www.arelec-solution.com\/fr\/systemes-magnetiques\/affichage-magnetique\/","name":"Retrouvez toutes nos solutions d'affichage magn\u00e9tique | Arelec","isPartOf":{"@id":"https:\/\/www.arelec-solution.com\/fr\/#website"},"datePublished":"2025-04-25T11:38:26+00:00","dateModified":"2025-09-01T13:06:50+00:00","description":"Arelec propose des solutions d'affichage magn\u00e9tique pour toute applications. Punaises magn\u00e9tiques, porte-documents, bandes magn\u00e9tiques...","breadcrumb":{"@id":"https:\/\/www.arelec-solution.com\/fr\/systemes-magnetiques\/affichage-magnetique\/#breadcrumb"},"inLanguage":"fr-FR","potentialAction":[{"@type":"ReadAction","target":["https:\/\/www.arelec-solution.com\/fr\/systemes-magnetiques\/affichage-magnetique\/"]}]},{"@type":"BreadcrumbList","@id":"https:\/\/www.arelec-solution.com\/fr\/systemes-magnetiques\/affichage-magnetique\/#breadcrumb","itemListElement":[{"@type":"ListItem","position":1,"name":"Home","item":"https:\/\/www.arelec-solution.com\/fr\/"},{"@type":"ListItem","position":2,"name":"Syst\u00e8mes magn\u00e9tiques","item":"https:\/\/www.arelec-solution.com\/fr\/systemes-magnetiques\/"},{"@type":"ListItem","position":3,"name":"Solutions d&#8217;affichage magn\u00e9tique"}]},{"@type":"WebSite","@id":"https:\/\/www.arelec-solution.com\/fr\/#website","url":"https:\/\/www.arelec-solution.com\/fr\/","name":"Arelec","description":"Boilerplate Marketing","potentialAction":[{"@type":"SearchAction","target":{"@type":"EntryPoint","urlTemplate":"https:\/\/www.arelec-solution.com\/fr\/?s={search_term_string}"},"query-input":{"@type":"PropertyValueSpecification","valueRequired":true,"valueName":"search_term_string"}}],"inLanguage":"fr-FR"}]}},"_links":{"self":[{"href":"https:\/\/www.arelec-solution.com\/fr\/wp-json\/wp\/v2\/pages\/1261","targetHints":{"allow":["GET"]}}],"collection":[{"href":"https:\/\/www.arelec-solution.com\/fr\/wp-json\/wp\/v2\/pages"}],"about":[{"href":"https:\/\/www.arelec-solution.com\/fr\/wp-json\/wp\/v2\/types\/page"}],"author":[{"embeddable":true,"href":"https:\/\/www.arelec-solution.com\/fr\/wp-json\/wp\/v2\/users\/3"}],"replies":[{"embeddable":true,"href":"https:\/\/www.arelec-solution.com\/fr\/wp-json\/wp\/v2\/comments?post=1261"}],"version-history":[{"count":0,"href":"https:\/\/www.arelec-solution.com\/fr\/wp-json\/wp\/v2\/pages\/1261\/revisions"}],"up":[{"embeddable":true,"href":"https:\/\/www.arelec-solution.com\/fr\/wp-json\/wp\/v2\/pages\/1106"}],"wp:attachment":[{"href":"https:\/\/www.arelec-solution.com\/fr\/wp-json\/wp\/v2\/media?parent=1261"}],"curies":[{"name":"wp","href":"https:\/\/api.w.org\/{rel}","templated":true}]}}